{"id":892,"date":"2013-02-04T14:06:36","date_gmt":"2013-02-04T13:06:36","guid":{"rendered":"http:\/\/agnes-maitrejean.com\/?page_id=892"},"modified":"2025-03-15T15:20:21","modified_gmt":"2025-03-15T14:20:21","slug":"mentions-legales","status":"publish","type":"page","link":"https:\/\/agnes-maitrejean.com\/accueil\/mentions-legales\/","title":{"rendered":"Mentions l\u00e9gales"},"content":{"rendered":"<p><span style=\"font-size: 0.8em;\">EDITEUR<br \/>\nCe site est \u00e9dit\u00e9 par Agn\u00e8s Maitrejean.<br \/>\nPour toute r\u00e9clamation vous pouvez contacter l\u2019\u00e9diteur.<\/span><\/p>\n<p><span style=\"font-size: 0.8em;\">PROPRIETE INTELLECTUELLE<br \/>\nSauf mention contraire, les textes, images, sons et vid\u00e9os publi\u00e9s sur ce site sont la propri\u00e9t\u00e9 de l\u2019\u00e9diteur.<br \/>\nDes autorisations de reproduction \u00e0 titre gracieux peuvent \u00eatre accord\u00e9es au cas par cas, sur demande motiv\u00e9e.<br \/>\nCe site est r\u00e9alis\u00e9 sous WordPress distribu\u00e9 sous une licence dite licence GNU General Public.<br \/>\n<\/span><span style=\"font-size: 0.8em;\">Le th\u00e8me utilis\u00e9 est GK PORTFOLIO.<br \/>\n<\/span><\/p>\n<p><span style=\"font-size: 0.8em;\">COOKIES<br \/>\nCe site peut \u00eatre amen\u00e9 \u00e0 laisser un cookie dans votre navigateur lorsque vous enregistrez un commentaire, afin d\u2019y conserver vos informations d\u2019identification (vos nom, adresse de courriel et URL de site).<br \/>\nUn service partenaire, l\u2019outil de statistiques GoogleAnalytics de Google, peut \u00e9galement vous laisser des cookies si vous les acceptez (veuillez vous r\u00e9f\u00e9rer aux param\u00e8tres de votre navigateur).<\/span><\/p>\n<p><span style=\"font-size: 0.8em;\">PUBLICATION DE COMMENTAIRES ET ENVOI DE MESSAGES<br \/>\nEn publiant un commentaire ou en laissant un message ,vous reconnaissez autoriser l\u2019\u00e9diteur :<br \/>\n&#8211; \u00e0 reproduire, distribuer et communiquer votre commentaire au public, \u00e0 titre gratuit, pour la dur\u00e9e l\u00e9gale de la protection du droit d\u2019exploitation pr\u00e9vu par la loi, sans limitation de lieu, ni de support,<br \/>\n&#8211; \u00e0 supprimer tout ou partie de votre commentaire, sans avoir de justification particuli\u00e8re \u00e0 vous fournir,<br \/>\n&#8211; \u00e0 stocker dans sa base de donn\u00e9es et sans limites de temps vos informations de connexion.<br \/>\nLes commentaires publi\u00e9s et les messages post\u00e9s engagent la responsabilit\u00e9 de leurs auteurs respectifs.<\/span><\/p>\n<p><span style=\"font-size: 0.8em;\">CONSULTATION<br \/>\nLa consultation de ce site est libre.<br \/>\nSi le lecteur n\u2019est pas en accord avec ce qui y est dit, le lecteur est libre de quitter le site \u00e0 tout moment, de laisser un commentaire ou de contacter l\u2019\u00e9diteur par courrier \u00e0 l\u2019adresse indiqu\u00e9e plus haut.<\/span><\/p>\n","protected":false},"excerpt":{"rendered":"<p>EDITEUR Ce site est \u00e9dit\u00e9 par Agn\u00e8s Maitrejean. Pour toute r\u00e9clamation vous pouvez contacter l\u2019\u00e9diteur. PROPRIETE&hellip;<\/p>\n","protected":false},"author":1,"featured_media":0,"parent":0,"menu_order":0,"comment_status":"closed","ping_status":"closed","template":"","meta":{"footnotes":""},"class_list":["post-892","page","type-page","status-publish","hentry"],"_links":{"self":[{"href":"https:\/\/agnes-maitrejean.com\/accueil\/wp-json\/wp\/v2\/pages\/892","targetHints":{"allow":["GET"]}}],"collection":[{"href":"https:\/\/agnes-maitrejean.com\/accueil\/wp-json\/wp\/v2\/pages"}],"about":[{"href":"https:\/\/agnes-maitrejean.com\/accueil\/wp-json\/wp\/v2\/types\/page"}],"author":[{"embeddable":true,"href":"https:\/\/agnes-maitrejean.com\/accueil\/wp-json\/wp\/v2\/users\/1"}],"replies":[{"embeddable":true,"href":"https:\/\/agnes-maitrejean.com\/accueil\/wp-json\/wp\/v2\/comments?post=892"}],"version-history":[{"count":23,"href":"https:\/\/agnes-maitrejean.com\/accueil\/wp-json\/wp\/v2\/pages\/892\/revisions"}],"predecessor-version":[{"id":1658,"href":"https:\/\/agnes-maitrejean.com\/accueil\/wp-json\/wp\/v2\/pages\/892\/revisions\/1658"}],"wp:attachment":[{"href":"https:\/\/agnes-maitrejean.com\/accueil\/wp-json\/wp\/v2\/media?parent=892"}],"curies":[{"name":"wp","href":"https:\/\/api.w.org\/{rel}","templated":true}]}}